{"id":39,"date":"2024-07-10T11:49:18","date_gmt":"2024-07-10T11:49:18","guid":{"rendered":"http:\/\/tdvetme.cluster029.hosting.ovh.net\/index.php\/about-us\/"},"modified":"2024-08-24T18:54:51","modified_gmt":"2024-08-24T18:54:51","slug":"about-us","status":"publish","type":"page","link":"https:\/\/lartdulustrage.tn\/index.php\/about-us\/","title":{"rendered":"About Us"},"content":{"rendered":"\t\t<div data-elementor-type=\"wp-page\" data-elementor-id=\"39\" class=\"elementor elementor-39\">\n\t\t\t\t<div class=\"elementor-element elementor-element-7fa2dc55 e-flex e-con-boxed e-con e-parent\" data-id=\"7fa2dc55\" data-element_type=\"container\">\n\t\t\t\t\t<div class=\"e-con-inner\">\n\t\t<div class=\"elementor-element elementor-element-6f9efb58 e-con-full e-flex e-con e-child\" data-id=\"6f9efb58\" data-element_type=\"container\" data-settings=\"{&quot;background_background&quot;:&quot;classic&quot;}\">\n\t\t\t\t<div class=\"elementor-element elementor-element-2fe4dab2 elementor-invisible elementor-widget elementor-widget-heading\" data-id=\"2fe4dab2\" data-element_type=\"widget\" data-settings=\"{&quot;_animation&quot;:&quot;fadeInRight&quot;}\" data-widget_type=\"heading.default\">\n\t\t\t\t<div class=\"elementor-widget-container\">\n\t\t\t<style>\/*! elementor - v3.22.0 - 26-06-2024 *\/\n.elementor-heading-title{padding:0;margin:0;line-height:1}.elementor-widget-heading .elementor-heading-title[class*=elementor-size-]>a{color:inherit;font-size:inherit;line-height:inherit}.elementor-widget-heading .elementor-heading-title.elementor-size-small{font-size:15px}.elementor-widget-heading .elementor-heading-title.elementor-size-medium{font-size:19px}.elementor-widget-heading .elementor-heading-title.elementor-size-large{font-size:29px}.elementor-widget-heading .elementor-heading-title.elementor-size-xl{font-size:39px}.elementor-widget-heading .elementor-heading-title.elementor-size-xxl{font-size:59px}<\/style><span class=\"elementor-heading-title elementor-size-default\">Nous sommes une entreprise sp\u00e9cialis\u00e9e dans le lustrage de marbre, offrant des services d'exception pour restaurer et embellir les surfaces en marbre.<\/span>\t\t<\/div>\n\t\t\t\t<\/div>\n\t\t\t\t<\/div>\n\t\t<div class=\"elementor-element elementor-element-11b0f0ce e-con-full e-flex e-con e-child\" data-id=\"11b0f0ce\" data-element_type=\"container\">\n\t\t<div class=\"elementor-element elementor-element-425aece2 e-con-full e-flex e-con e-child\" data-id=\"425aece2\" data-element_type=\"container\">\n\t\t\t\t<div class=\"elementor-element elementor-element-3c306c2 elementor-widget elementor-widget-image\" data-id=\"3c306c2\" data-element_type=\"widget\" data-widget_type=\"image.default\">\n\t\t\t\t<div class=\"elementor-widget-container\">\n\t\t\t<style>\/*! elementor - v3.22.0 - 26-06-2024 *\/\n.elementor-widget-image{text-align:center}.elementor-widget-image a{display:inline-block}.elementor-widget-image a img[src$=\".svg\"]{width:48px}.elementor-widget-image img{vertical-align:middle;display:inline-block}<\/style>\t\t\t\t\t\t\t\t\t\t<img fetchpriority=\"high\" decoding=\"async\" width=\"800\" height=\"602\" src=\"https:\/\/lartdulustrage.tn\n\/wp-content\/uploads\/2024\/07\/IMG_4337-1-1024x771.jpg\" class=\"attachment-large size-large wp-image-136\" alt=\"\" srcset=\"https:\/\/lartdulustrage.tn\n\/wp-content\/uploads\/2024\/07\/IMG_4337-1-1024x771.jpg 1024w, https:\/\/lartdulustrage.tn\n\/wp-content\/uploads\/2024\/07\/IMG_4337-1-300x226.jpg 300w, https:\/\/lartdulustrage.tn\n\/wp-content\/uploads\/2024\/07\/IMG_4337-1-768x578.jpg 768w, https:\/\/lartdulustrage.tn\n\/wp-content\/uploads\/2024\/07\/IMG_4337-1-1536x1157.jpg 1536w, https:\/\/lartdulustrage.tn\n\/wp-content\/uploads\/2024\/07\/IMG_4337-1.jpg 2048w\" sizes=\"(max-width: 800px) 100vw, 800px\" \/>\t\t\t\t\t\t\t\t\t\t\t\t\t<\/div>\n\t\t\t\t<\/div>\n\t\t\t\t<\/div>\n\t\t\t\t<\/div>\n\t\t\t\t\t<\/div>\n\t\t\t\t<\/div>\n\t\t<div class=\"elementor-element elementor-element-3056a2d1 e-con-full e-flex e-con e-parent\" data-id=\"3056a2d1\" data-element_type=\"container\">\n\t\t\t\t<div class=\"elementor-element elementor-element-b7bb9f9 elementor-widget__width-initial elementor-invisible elementor-widget elementor-widget-heading\" data-id=\"b7bb9f9\" data-element_type=\"widget\" data-settings=\"{&quot;_animation&quot;:&quot;slideInLeft&quot;}\" data-widget_type=\"heading.default\">\n\t\t\t\t<div class=\"elementor-widget-container\">\n\t\t\t<span class=\"elementor-heading-title elementor-size-default\">Notre pr\u00e9sident directeur general<\/span>\t\t<\/div>\n\t\t\t\t<\/div>\n\t\t<div class=\"elementor-element elementor-element-5f55e58f e-con-full e-flex e-con e-child\" data-id=\"5f55e58f\" data-element_type=\"container\">\n\t\t\t\t<div class=\"elementor-element elementor-element-348a8bd8 elementor-widget-tablet__width-initial elementor-widget-mobile__width-inherit elementor-position-left elementor-vertical-align-top elementor-position-top elementor-widget elementor-widget-image-box\" data-id=\"348a8bd8\" data-element_type=\"widget\" data-widget_type=\"image-box.default\">\n\t\t\t\t<div class=\"elementor-widget-container\">\n\t\t\t<style>\/*! elementor - v3.22.0 - 26-06-2024 *\/\n.elementor-widget-image-box .elementor-image-box-content{width:100%}@media (min-width:768px){.elementor-widget-image-box.elementor-position-left .elementor-image-box-wrapper,.elementor-widget-image-box.elementor-position-right .elementor-image-box-wrapper{display:flex}.elementor-widget-image-box.elementor-position-right .elementor-image-box-wrapper{text-align:end;flex-direction:row-reverse}.elementor-widget-image-box.elementor-position-left .elementor-image-box-wrapper{text-align:start;flex-direction:row}.elementor-widget-image-box.elementor-position-top .elementor-image-box-img{margin:auto}.elementor-widget-image-box.elementor-vertical-align-top .elementor-image-box-wrapper{align-items:flex-start}.elementor-widget-image-box.elementor-vertical-align-middle .elementor-image-box-wrapper{align-items:center}.elementor-widget-image-box.elementor-vertical-align-bottom .elementor-image-box-wrapper{align-items:flex-end}}@media (max-width:767px){.elementor-widget-image-box .elementor-image-box-img{margin-left:auto!important;margin-right:auto!important;margin-bottom:15px}}.elementor-widget-image-box .elementor-image-box-img{display:inline-block}.elementor-widget-image-box .elementor-image-box-title a{color:inherit}.elementor-widget-image-box .elementor-image-box-wrapper{text-align:center}.elementor-widget-image-box .elementor-image-box-description{margin:0}<\/style><div class=\"elementor-image-box-wrapper\"><figure class=\"elementor-image-box-img\"><img decoding=\"async\" width=\"226\" height=\"300\" src=\"https:\/\/lartdulustrage.tn\n\/wp-content\/uploads\/2024\/08\/123543257_376946883502076_6534211044197477851_n-e1724521783255-226x300.jpg\" class=\"elementor-animation-sink attachment-medium size-medium wp-image-233\" alt=\"\" \/><\/figure><div class=\"elementor-image-box-content\"><h3 class=\"elementor-image-box-title\">Mtir Mrad<\/h3><p class=\"elementor-image-box-description\">Le Pr\u00e9sident Directeur G\u00e9n\u00e9ral de Soci\u00e9t\u00e9 Mrad: L'Art du Lustrage <\/p><\/div><\/div>\t\t<\/div>\n\t\t\t\t<\/div>\n\t\t\t\t<div class=\"elementor-element elementor-element-75c6e5b2 elementor-widget-tablet__width-initial elementor-widget-mobile__width-inherit elementor-widget elementor-widget-image-box\" data-id=\"75c6e5b2\" data-element_type=\"widget\" data-widget_type=\"image-box.default\">\n\t\t\t\t<div class=\"elementor-widget-container\">\n\t\t\t<div class=\"elementor-image-box-wrapper\"><div class=\"elementor-image-box-content\"><p class=\"elementor-image-box-description\">\n<\/p><\/div><\/div>\t\t<\/div>\n\t\t\t\t<\/div>\n\t\t\t\t<\/div>\n\t\t\t\t<\/div>\n\t\t\t\t<\/div>\n\t\t","protected":false},"excerpt":{"rendered":"<p>Nous sommes une entreprise sp\u00e9cialis\u00e9e dans le lustrage de marbre, offrant des services d&#8217;exception pour restaurer et embellir les surfaces en marbre. Notre pr\u00e9sident directeur general Mtir Mrad Le Pr\u00e9sident Directeur G\u00e9n\u00e9ral de Soci\u00e9t\u00e9 Mrad: L&#8217;Art du Lustrage<\/p>\n","protected":false},"author":1,"featured_media":0,"parent":0,"menu_order":0,"comment_status":"closed","ping_status":"closed","template":"elementor_header_footer","meta":{"footnotes":""},"class_list":["post-39","page","type-page","status-publish","hentry"],"_links":{"self":[{"href":"https:\/\/lartdulustrage.tn\/index.php\/wp-json\/wp\/v2\/pages\/39","targetHints":{"allow":["GET"]}}],"collection":[{"href":"https:\/\/lartdulustrage.tn\/index.php\/wp-json\/wp\/v2\/pages"}],"about":[{"href":"https:\/\/lartdulustrage.tn\/index.php\/wp-json\/wp\/v2\/types\/page"}],"author":[{"embeddable":true,"href":"https:\/\/lartdulustrage.tn\/index.php\/wp-json\/wp\/v2\/users\/1"}],"replies":[{"embeddable":true,"href":"https:\/\/lartdulustrage.tn\/index.php\/wp-json\/wp\/v2\/comments?post=39"}],"version-history":[{"count":31,"href":"https:\/\/lartdulustrage.tn\/index.php\/wp-json\/wp\/v2\/pages\/39\/revisions"}],"predecessor-version":[{"id":264,"href":"https:\/\/lartdulustrage.tn\/index.php\/wp-json\/wp\/v2\/pages\/39\/revisions\/264"}],"wp:attachment":[{"href":"https:\/\/lartdulustrage.tn\/index.php\/wp-json\/wp\/v2\/media?parent=39"}],"curies":[{"name":"wp","href":"https:\/\/api.w.org\/{rel}","templated":true}]}}